

{"id":92,"date":"2019-12-05T10:48:52","date_gmt":"2019-12-05T09:48:52","guid":{"rendered":"https:\/\/rescom2020.irisa.fr\/?page_id=92"},"modified":"2019-12-05T10:56:42","modified_gmt":"2019-12-05T09:56:42","slug":"francais-committees","status":"publish","type":"page","link":"http:\/\/rescom2020.irisa.fr\/fr\/francais-committees\/","title":{"rendered":"Comit\u00e9s"},"content":{"rendered":"<p><strong>Comit\u00e9 Scientifique:\u00a0<\/strong><\/p>\n<ul>\n<li>Emmanuelle Anceaume, CNRS \/ UMR 6074 &#8211; IRISA<\/li>\n<li>Andr\u00e9-Luc Beylot, ENSEEIHT \/ UMR 5505<br \/>\nDirecteur du GDR RSD<\/li>\n<li>Quentin Bramas, Universit\u00e9 de Strasbourg \/ UMR 7357 &#8211; ICube<\/li>\n<li>David Coudert, Inria Sophia Antipolis &#8211; M\u00e9dit\u00e9rann\u00e9e \/ UMR 7271<br \/>\nCo-animateur du p\u00f4le RESCOM du GDR RSD<\/li>\n<li>Romaric Ludinard, IMT Atlantique \/ UMR 6074 &#8211; IRISA<\/li>\n<li>Thomas Noel, Universit\u00e9 de Strasbourg \/ UMR 7357 &#8211; ICube<br \/>\nCo-animateur du p\u00f4le RESCOM du GDR RSD<\/li>\n<li>Maria Potop-Butucaru, Sorbonne Universit\u00e9 \/ <span class=\"st\">UMR 7606 &#8211; LIP6<\/span><\/li>\n<\/ul>\n<p><strong>Comit\u00e9 d&rsquo;organisation:\u00a0<\/strong><\/p>\n<ul>\n<li>Emmanuelle Anceaume, CNRS \/ UMR 6074 &#8211; IRISA<\/li>\n<li>Quentin Bramas, Universit\u00e9 de Strasbourg \/ UMR 7357 &#8211; ICube<\/li>\n<li>Romaric Ludinard, IMT Atlantique \/ UMR 6074 &#8211; IRISA<\/li>\n<li>Maria Potop-Butucaru, Sorbonne Universit\u00e9 \/ <span class=\"st\">UMR 7606 &#8211; LIP6<\/span><\/li>\n<\/ul>\n<p><\/p>","protected":false},"excerpt":{"rendered":"<p>Comit\u00e9 Scientifique:\u00a0 Emmanuelle Anceaume, CNRS \/ UMR 6074 &#8211; IRISA Andr\u00e9-Luc Beylot, ENSEEIHT \/ UMR 5505 Directeur du GDR RSD Quentin Bramas, Universit\u00e9 de Strasbourg \/ UMR 7357 &#8211; ICube David Coudert, Inria Sophia Antipolis &#8211; M\u00e9dit\u00e9rann\u00e9e \/ UMR 7271 Co-animateur du p\u00f4le RESCOM du GDR RSD Romaric Ludinard, IMT\u2026<\/p>\n<p> <a class=\"continue-reading-link\" href=\"http:\/\/rescom2020.irisa.fr\/fr\/francais-committees\/\"><span>Continue reading<\/span><i class=\"crycon-right-dir\"><\/i><\/a> <\/p>\n","protected":false},"author":1705,"featured_media":0,"parent":0,"menu_order":0,"comment_status":"closed","ping_status":"closed","template":"","meta":{"footnotes":""},"class_list":["post-92","page","type-page","status-publish","hentry"],"_links":{"self":[{"href":"http:\/\/rescom2020.irisa.fr\/fr\/wp-json\/wp\/v2\/pages\/92","targetHints":{"allow":["GET"]}}],"collection":[{"href":"http:\/\/rescom2020.irisa.fr\/fr\/wp-json\/wp\/v2\/pages"}],"about":[{"href":"http:\/\/rescom2020.irisa.fr\/fr\/wp-json\/wp\/v2\/types\/page"}],"author":[{"embeddable":true,"href":"http:\/\/rescom2020.irisa.fr\/fr\/wp-json\/wp\/v2\/users\/1705"}],"replies":[{"embeddable":true,"href":"http:\/\/rescom2020.irisa.fr\/fr\/wp-json\/wp\/v2\/comments?post=92"}],"version-history":[{"count":4,"href":"http:\/\/rescom2020.irisa.fr\/fr\/wp-json\/wp\/v2\/pages\/92\/revisions"}],"predecessor-version":[{"id":97,"href":"http:\/\/rescom2020.irisa.fr\/fr\/wp-json\/wp\/v2\/pages\/92\/revisions\/97"}],"wp:attachment":[{"href":"http:\/\/rescom2020.irisa.fr\/fr\/wp-json\/wp\/v2\/media?parent=92"}],"curies":[{"name":"wp","href":"https:\/\/api.w.org\/{rel}","templated":true}]}}